{"id":190,"date":"2022-11-16T13:49:17","date_gmt":"2022-11-16T13:49:17","guid":{"rendered":"https:\/\/henjona.com\/?page_id=190"},"modified":"2022-11-16T14:54:32","modified_gmt":"2022-11-16T14:54:32","slug":"presque-une-bio","status":"publish","type":"page","link":"https:\/\/henjona.com\/index.php\/presque-une-bio\/","title":{"rendered":"EN BREF"},"content":{"rendered":"\t\t<div data-elementor-type=\"wp-post\" data-elementor-id=\"190\" class=\"elementor elementor-190\">\n\t\t\t\t\t\t\t\t\t<section class=\"elementor-section elementor-top-section elementor-element elementor-element-16baf4a elementor-section-boxed elementor-section-height-default elementor-section-height-default\" data-id=\"16baf4a\" data-element_type=\"section\">\n\t\t\t\t\t\t<div class=\"elementor-container elementor-column-gap-default\">\n\t\t\t\t\t<div class=\"elementor-column elementor-col-100 elementor-top-column elementor-element elementor-element-2a1aaa9\" data-id=\"2a1aaa9\" data-element_type=\"column\">\n\t\t\t<div class=\"elementor-widget-wrap elementor-element-populated\">\n\t\t\t\t\t\t\t\t<div class=\"elementor-element elementor-element-ebd8a5d elementor-widget elementor-widget-heading\" data-id=\"ebd8a5d\" data-element_type=\"widget\" data-widget_type=\"heading.default\">\n\t\t\t\t<div class=\"elementor-widget-container\">\n\t\t\t<style>\/*! elementor - v3.8.1 - 13-11-2022 *\/\n.elementor-heading-title{padding:0;margin:0;line-height:1}.elementor-widget-heading .elementor-heading-title[class*=elementor-size-]>a{color:inherit;font-size:inherit;line-height:inherit}.elementor-widget-heading .elementor-heading-title.elementor-size-small{font-size:15px}.elementor-widget-heading .elementor-heading-title.elementor-size-medium{font-size:19px}.elementor-widget-heading .elementor-heading-title.elementor-size-large{font-size:29px}.elementor-widget-heading .elementor-heading-title.elementor-size-xl{font-size:39px}.elementor-widget-heading .elementor-heading-title.elementor-size-xxl{font-size:59px}<\/style><h2 class=\"elementor-heading-title elementor-size-default\">HENJONA\n\n<br><\/h2>\t\t<\/div>\n\t\t\t\t<\/div>\n\t\t\t\t\t<\/div>\n\t\t<\/div>\n\t\t\t\t\t\t\t<\/div>\n\t\t<\/section>\n\t\t\t\t<section class=\"elementor-section elementor-top-section elementor-element elementor-element-1265f36 elementor-section-boxed elementor-section-height-default elementor-section-height-default\" data-id=\"1265f36\" data-element_type=\"section\">\n\t\t\t\t\t\t<div class=\"elementor-container elementor-column-gap-default\">\n\t\t\t\t\t<div class=\"elementor-column elementor-col-100 elementor-top-column elementor-element elementor-element-cc23fda\" data-id=\"cc23fda\" data-element_type=\"column\">\n\t\t\t<div class=\"elementor-widget-wrap elementor-element-populated\">\n\t\t\t\t\t\t\t\t<div class=\"elementor-element elementor-element-8d5e510 elementor-widget elementor-widget-text-editor\" data-id=\"8d5e510\" data-element_type=\"widget\" data-widget_type=\"text-editor.default\">\n\t\t\t\t<div class=\"elementor-widget-container\">\n\t\t\t<style>\/*! elementor - v3.8.1 - 13-11-2022 *\/\n.elementor-widget-text-editor.elementor-drop-cap-view-stacked .elementor-drop-cap{background-color:#818a91;color:#fff}.elementor-widget-text-editor.elementor-drop-cap-view-framed .elementor-drop-cap{color:#818a91;border:3px solid;background-color:transparent}.elementor-widget-text-editor:not(.elementor-drop-cap-view-default) .elementor-drop-cap{margin-top:8px}.elementor-widget-text-editor:not(.elementor-drop-cap-view-default) .elementor-drop-cap-letter{width:1em;height:1em}.elementor-widget-text-editor .elementor-drop-cap{float:left;text-align:center;line-height:1;font-size:50px}.elementor-widget-text-editor .elementor-drop-cap-letter{display:inline-block}<\/style>\t\t\t\t<h5 align=\"center\">\u00a0<\/h5><h5 align=\"center\">\u00a0<\/h5><h5 align=\"center\"><strong style=\"font-family: inherit; font-size: 1.875em;\"><span style=\"color: #999999;\">Nature et Rebuts<\/span><\/strong><\/h5><h5 class=\"western\" align=\"center\">\u00a0<\/h5><h5 class=\"western\" align=\"center\"><strong><span style=\"color: #999999;\">&#8220;Je marche jusqu&#8217;\u00e0 ce que je d\u00e9couvre une d\u00e9chetterie sauvage o\u00f9 se trouvent des morceaux de meubles, des \u0153uvres\u00a0d&#8217;art abandonn\u00e9es, du bois de caisse&#8230; Parfois je plonge en apn\u00e9e autour d&#8217;une \u00eele jusqu&#8217;\u00e0 ce que j&#8217;y trouve des meubles, des morceaux de bateaux ou des planches jet\u00e9es sous l&#8217;eau.<\/span><\/strong><\/h5><h5 class=\"western\" align=\"center\"><span style=\"color: #999999;\"><br \/><\/span><strong><span style=\"color: #999999;\">La mer et les for\u00eats regorgent de ces endroits.<\/span><\/strong><\/h5><h5 class=\"western\" align=\"center\"><span style=\"color: #999999;\"><br \/><\/span><strong><span style=\"color: #999999;\">Je retourne au m\u00eame endroit et je r\u00e9cup\u00e8re les journaux gratuits qui gisent, recycl\u00e9s avant m\u00eame d&#8217;\u00eatre lus. Des publicit\u00e9s kleenex, dont l&#8217;existence dure une fraction de seconde \u00e0 l&#8217;\u00e9chelle de celle des pierres et de la terre qu&#8217;ils souillent.<\/span><\/strong><\/h5><h5 align=\"center\">\u00a0<\/h5><h5 class=\"western\" align=\"center\"><strong><span style=\"color: #999999;\">Je regarde la nature que ces objets ruinent par leur pr\u00e9sence.<\/span><\/strong><span style=\"color: #999999;\"><br \/><\/span><strong><span style=\"color: #999999;\">Je prends de la terre et des plantes (du sable si je suis sous l&#8217;eau), des cailloux, des os d&#8217;animaux, des plumes, des graines, des fleurs, de petits coquillages.<\/span><\/strong><\/h5><h5 class=\"western\" align=\"center\"><strong><span style=\"color: #999999;\">Je maroufle les journaux sur les planches trouv\u00e9es ou lac\u00e8re la planche si je n&#8217;ai pas trouv\u00e9 de journaux. J&#8217;ai d\u00e9sormais un support sur lequel peindre.<\/span><\/strong><\/h5><h5 class=\"western\" align=\"center\"><span style=\"color: #999999;\"><br \/><\/span><strong><span style=\"color: #999999;\">Pour moi, le sable, les plantes, la terre&#8230; Sont les \u00e9l\u00e9ments du &#8220;Groupe Naturel&#8221; de ma r\u00e9colte. <\/span><\/strong><\/h5><h5 align=\"center\">\u00a0<\/h5><h5 class=\"western\" align=\"center\"><strong><span style=\"color: #999999;\">En utilisant la peinture comme liant, je les applique sur les planches et journaux, que je consid\u00e8re comme les \u00e9l\u00e9ments du &#8220;Groupe artificiel&#8221; de ma d\u00e9marche.<\/span><\/strong><\/h5><h5 class=\"western\" align=\"center\"><strong><span style=\"color: #999999;\">Les r\u00e9coltes des deux groupes se m\u00ealent en une seule entit\u00e9 qui tente de r\u00e9concilier post-mortem la nature avec nos modes de vie qui la d\u00e9truisent. <\/span><\/strong><\/h5><h5 align=\"center\">\u00a0<\/h5><h5 class=\"western\" align=\"center\"><strong><span style=\"color: #999999;\">Ma d\u00e9marche esp\u00e8re interroger la notion de vanit\u00e9, flirter parfois avec la d\u00e9marche du scientifique faisant un herbier, pour arriver \u00e0 la nature morte, au sens propre du terme.&#8221;<\/span><\/strong><\/h5><p>\u00a0<\/p><p>\u00a0<\/p>\t\t\t\t\t\t<\/div>\n\t\t\t\t<\/div>\n\t\t\t\t\t<\/div>\n\t\t<\/div>\n\t\t\t\t\t\t\t<\/div>\n\t\t<\/section>\n\t\t\t\t<section class=\"elementor-section elementor-top-section elementor-element elementor-element-823860d elementor-section-boxed elementor-section-height-default elementor-section-height-default\" data-id=\"823860d\" data-element_type=\"section\">\n\t\t\t\t\t\t<div class=\"elementor-container elementor-column-gap-no\">\n\t\t\t\t\t<div class=\"elementor-column elementor-col-100 elementor-top-column elementor-element elementor-element-53cdff3\" data-id=\"53cdff3\" data-element_type=\"column\">\n\t\t\t<div class=\"elementor-widget-wrap elementor-element-populated\">\n\t\t\t\t\t\t\t\t<div class=\"elementor-element elementor-element-f10e812 elementor-widget elementor-widget-image\" data-id=\"f10e812\" data-element_type=\"widget\" data-widget_type=\"image.default\">\n\t\t\t\t<div class=\"elementor-widget-container\">\n\t\t\t<style>\/*! elementor - v3.8.1 - 13-11-2022 *\/\n.elementor-widget-image{text-align:center}.elementor-widget-image a{display:inline-block}.elementor-widget-image a img[src$=\".svg\"]{width:48px}.elementor-widget-image img{vertical-align:middle;display:inline-block}<\/style>\t\t\t\t\t\t\t\t\t\t\t\t<img decoding=\"async\" width=\"300\" height=\"240\" src=\"https:\/\/henjona.com\/wp-content\/uploads\/2022\/11\/the-15th-April-4051-300x240.jpg\" class=\"attachment-medium size-medium\" alt=\"\" loading=\"lazy\" srcset=\"https:\/\/henjona.com\/wp-content\/uploads\/2022\/11\/the-15th-April-4051-300x240.jpg 300w, https:\/\/henjona.com\/wp-content\/uploads\/2022\/11\/the-15th-April-4051-1024x820.jpg 1024w, https:\/\/henjona.com\/wp-content\/uploads\/2022\/11\/the-15th-April-4051-768x615.jpg 768w, https:\/\/henjona.com\/wp-content\/uploads\/2022\/11\/the-15th-April-4051-1536x1230.jpg 1536w, https:\/\/henjona.com\/wp-content\/uploads\/2022\/11\/the-15th-April-4051-2048x1639.jpg 2048w\" sizes=\"(max-width: 300px) 100vw, 300px\" \/>\t\t\t\t\t\t\t\t\t\t\t\t\t\t\t<\/div>\n\t\t\t\t<\/div>\n\t\t\t\t\t<\/div>\n\t\t<\/div>\n\t\t\t\t\t\t\t<\/div>\n\t\t<\/section>\n\t\t\t\t\t\t\t<\/div>\n\t\t","protected":false},"excerpt":{"rendered":"<p>HENJONA \u00a0 \u00a0 Nature et Rebuts \u00a0 &#8220;Je marche jusqu&#8217;\u00e0 ce que je d\u00e9couvre une d\u00e9chetterie sauvage o\u00f9 se trouvent des morceaux de meubles, des \u0153uvres\u00a0d&#8217;art abandonn\u00e9es, du bois de caisse&#8230; Parfois je plonge en apn\u00e9e autour d&#8217;une \u00eele jusqu&#8217;\u00e0 ce que j&#8217;y trouve des meubles, des morceaux de bateaux ou des planches jet\u00e9es sous [&hellip;]<\/p>\n","protected":false},"author":1,"featured_media":0,"parent":0,"menu_order":0,"comment_status":"closed","ping_status":"closed","template":"","meta":{"om_disable_all_campaigns":false,"_mi_skip_tracking":false},"aioseo_notices":[],"_links":{"self":[{"href":"https:\/\/henjona.com\/index.php\/wp-json\/wp\/v2\/pages\/190"}],"collection":[{"href":"https:\/\/henjona.com\/index.php\/wp-json\/wp\/v2\/pages"}],"about":[{"href":"https:\/\/henjona.com\/index.php\/wp-json\/wp\/v2\/types\/page"}],"author":[{"embeddable":true,"href":"https:\/\/henjona.com\/index.php\/wp-json\/wp\/v2\/users\/1"}],"replies":[{"embeddable":true,"href":"https:\/\/henjona.com\/index.php\/wp-json\/wp\/v2\/comments?post=190"}],"version-history":[{"count":43,"href":"https:\/\/henjona.com\/index.php\/wp-json\/wp\/v2\/pages\/190\/revisions"}],"predecessor-version":[{"id":281,"href":"https:\/\/henjona.com\/index.php\/wp-json\/wp\/v2\/pages\/190\/revisions\/281"}],"wp:attachment":[{"href":"https:\/\/henjona.com\/index.php\/wp-json\/wp\/v2\/media?parent=190"}],"curies":[{"name":"wp","href":"https:\/\/api.w.org\/{rel}","templated":true}]}}